{"id":8712,"date":"2022-08-27T11:00:45","date_gmt":"2022-08-27T09:00:45","guid":{"rendered":"https:\/\/spiegel-express.nl\/?page_id=8712"},"modified":"2025-03-02T11:59:02","modified_gmt":"2025-03-02T10:59:02","slug":"doelgericht-leiderschap","status":"publish","type":"page","link":"https:\/\/spiegel-express.nl\/index.php\/doelgericht-leiderschap\/","title":{"rendered":"Doelgericht leiderschap"},"content":{"rendered":"<h1 style=\"text-align: center;\"><strong>Doelgericht Leiderschap<\/strong><\/h1>\n<p><span><img decoding=\"async\" alt=\"\" data-id=\"8716\" width=\"368\" data-init-width=\"1546\" height=\"318\" data-init-height=\"1335\" title=\"Zeilschip Bart van Vliet Spiegel-Express.nl\" src=\"https:\/\/spiegel-express.nl\/wp-content\/uploads\/2022\/08\/Zeilschip-Bart-van-Vliet-Spiegel-Express.nl_.png\" data-width=\"368\" data-height=\"318\" style=\"aspect-ratio: auto 1546 \/ 1335;\" loading=\"lazy\"><\/span><\/p>\n<p style=\"text-align: center;\"><span style=\"font-size: 25px;\">Neem als leidinggevende zelfverzekerd het stuur in handen en houd de juiste koers.<\/span><span style=\"font-size: 25px;\">Stuur je team met een heldere visie en geef ruimte aan individuele kwaliteiten.<\/span><span style=\"font-size: 25px;\">Sterk het collectief door het individu te bekrachtigen.<\/span><\/p>\n<p style=\"text-align: center;\">\n<p><span>Direct naar de &nbsp;<\/span><a href=\"https:\/\/youtu.be\/4K50vAYJCag\" style=\"outline: none;\"><span>kennismakingsvideo.<\/span><\/a><\/p>\n<p style=\"text-align: center;\">&#8220;Ik kom te weinig aan onze koers bepalen toe&#8221;<\/p>\n<p style=\"text-align: center;\"><strong>Persoonlijke ondersteuning zet je weer op de juiste koers.<\/strong><\/p>\n<p><span><img decoding=\"async\" alt=\"\" data-id=\"8763\" width=\"56\" data-init-width=\"381\" height=\"270\" data-init-height=\"1836\" title=\"Windvaantje 1 Bart van Vliet Spiegel-Express.nl\" src=\"https:\/\/spiegel-express.nl\/wp-content\/uploads\/2022\/09\/Windvaantje-1-Bart-van-Vliet-Spiegel-Express.nl_.png\" data-width=\"56\" data-height=\"270\" style=\"aspect-ratio: auto 381 \/ 1836;\" loading=\"lazy\"><\/span><\/p>\n<h3 style=\"\"><strong>Frustrerend soms<\/strong><\/h3>\n<ul>\n<li style=\"text-align: left;\"><span style=\"\">Ik krijg de wind niet in de zeilen.<\/span><\/li>\n<li style=\"text-align: left;\"><span style=\"\">Ik moet steeds iedereen achter z&#8217;n broek aanzitten.<\/span><\/li>\n<li style=\"text-align: left;\"><span style=\"\">Ik heb het gevoel dat ik achter de feiten aanloop.<\/span><\/li>\n<li style=\"text-align: left;\"><span style=\"\">Ik heb te onregelmatige pauzes, door de werkdruk.<\/span><\/li>\n<li style=\"text-align: left;\"><span style=\"\">Ik word voor elk &#8216;wissewasje&#8217; aangesproken.<\/span><\/li>\n<li style=\"text-align: left;\"><span style=\"\">Ik kom zelden aan de koers bepalen toe.<\/span><\/li>\n<\/ul>\n<h3 style=\"text-align: left;\"><strong>Dit werk is op mijn lijf geschreven maar,&#8230;<\/strong><\/h3>\n<ul>\n<li style=\"text-align: left;\"><span style=\"\">Ik wil meer sturing kunnen geven.<\/span><\/li>\n<li style=\"text-align: left;\"><span style=\"\"><span style=\"\">Ik wil me meer ontspannen in het werk.<\/span><\/span><\/li>\n<li style=\"text-align: left;\"><span style=\"\">Ik wil mijn aandacht makkelijker verdelen.<\/span><\/li>\n<li style=\"text-align: left;\"><span style=\"\">Ik verlang naar meer eenheid in het team.<\/span><\/li>\n<li style=\"text-align: left;\"><span style=\"\"><\/span>Ik vind een ontspannen pauze ook erg fijn.<\/li>\n<li style=\"text-align: left;\">Ik gun elke teamlid meer aandacht.<\/li>\n<\/ul>\n<p><span><img decoding=\"async\" alt=\"\" data-id=\"8756\" width=\"261\" data-init-width=\"431\" height=\"253\" data-init-height=\"418\" title=\"Roer, stuurwiel Bart van Vliet Spiegel-Express.nl\" src=\"https:\/\/spiegel-express.nl\/wp-content\/uploads\/2022\/09\/Roer-stuurwiel-Bart-van-Vliet-Spiegel-Express.nl_.png\" data-width=\"261\" data-height=\"253\" style=\"aspect-ratio: auto 431 \/ 418;\" loading=\"lazy\"><\/span><span><img decoding=\"async\" alt=\"\" data-id=\"8783\" width=\"307\" data-init-width=\"1390\" height=\"232\" data-init-height=\"1051\" title=\"Matros Kok Kapitein Bart van Vliet Spiegel-Express.nl\" src=\"https:\/\/spiegel-express.nl\/wp-content\/uploads\/2022\/09\/Matros-Kok-Kapitein-Bart-van-Vliet-Spiegel-Express.nl_.png\" data-width=\"307\" data-height=\"232\" style=\"aspect-ratio: auto 1390 \/ 1051;\" loading=\"lazy\"><\/span><\/p>\n<h3 style=\"text-align: left; color: rgb(255, 51, 51) !important; --tcb-applied-color:rgb(255, 51, 51)  !important;\"><strong>\u00c9lk teamlid is belangrijk<\/strong><\/h3>\n<ul>\n<li style=\"text-align: left;\"><span>Dat besef wil elk teamlid meegeven.<\/span><\/li>\n<li style=\"text-align: left;\"><span>Wij zijn samen het team.<\/span><\/li>\n<li style=\"text-align: left;\"><span>Ik ga voor die eenheid!<\/span><\/li>\n<\/ul>\n<p style=\"text-align: left; color: rgb(255, 51, 51) !important; --tcb-applied-color:rgb(255, 51, 51)  !important;\"><strong>Ben je het hier mee eens?<\/strong><\/p>\n<ul>\n<li>Ik ben de kapitein, ik sta aan het roer.<\/li>\n<li>Wanneer ik zelfverzekerd ben heeft dat invloed.<\/li>\n<li>Hoe meer balans ik ervaar hoe meer focus ik heb.<\/li>\n<li>Tijd en energie stoppen in mijn welbehagen is nodig.<\/li>\n<li>Ervaar ik rust en plezier, gaat het aansturen meer vanzelf.<\/li>\n<\/ul>\n<p><span><img decoding=\"async\" alt=\"\" data-id=\"8745\" width=\"195\" data-init-width=\"637\" height=\"190\" data-init-height=\"619\" title=\"Aanleggen zonder touw Bart van Vliet Spiegel-Express.nl\" src=\"https:\/\/spiegel-express.nl\/wp-content\/uploads\/2022\/09\/Aanleggen-zonder-touw-Bart-van-Vliet-Spiegel-Express.nl_.png\" data-width=\"195\" data-height=\"190\" style=\"aspect-ratio: auto 637 \/ 619;\" loading=\"lazy\"><\/span><\/p>\n<p style=\"text-align: center;\">Durf jij deze persoonlijke ondersteuning aan te gaan?<\/p>\n<p><span><img decoding=\"async\" alt=\"\" data-id=\"8762\" width=\"218\" data-init-width=\"988\" height=\"164\" data-init-height=\"745\" title=\"Wind Bart van Vliet Spiegel-Express.nl\" src=\"https:\/\/spiegel-express.nl\/wp-content\/uploads\/2022\/09\/Wind-Bart-van-Vliet-Spiegel-Express.nl_.png\" data-width=\"218\" data-height=\"164\" style=\"aspect-ratio: auto 988 \/ 745;\" loading=\"lazy\"><\/span><\/p>\n<h3 style=\"text-align: left; color: rgb(2, 182, 249) !important; --tcb-applied-color:rgb(2, 182, 249)  !important;\"><strong>Het vraagt moed om deze stap te zetten!<\/strong><\/h3>\n<ul>\n<li style=\"text-align: left;\"><span>Omdat je \u00e9\u00e9n op \u00e9\u00e9n aan de slag gaat.<\/span><\/li>\n<li style=\"text-align: left;\"><span><span>Een confronterende tegenwind hier en daar krijgt.<\/span><\/span><\/li>\n<li style=\"text-align: left;\"><span><span>Natuurlijk ook een relativerende wind mee.<\/span><\/span><\/li>\n<li style=\"text-align: left;\"><span>Nieuwe perspectieven worden je aangereikt.<\/span><\/li>\n<li style=\"text-align: left;\"><span>Het zal je bijzondere inzichten gaan opleveren.<\/span><\/li>\n<li style=\"text-align: left;\"><span>Je krijgt geschenken die je ondersteunen.<\/span><\/li>\n<\/ul>\n<p style=\"text-align: center;\"><strong>JA, IK WIL ERMEE AAN DE SLAG<\/strong><\/p>\n<p style=\"text-align: center;\">Ik wil eerst naar <a href=\"#tve-jump-183171ea76e\" style=\"outline: none;\">de kennismakingsvideo.<\/a><\/p>\n<p style=\"text-align: center;\">Praktische zaken<\/p>\n<p style=\"\"><strong>Bellen<\/strong><\/p>\n<p><span><img decoding=\"async\" alt=\"\" data-id=\"3947\" width=\"104\" data-init-width=\"640\" height=\"155\" data-init-height=\"956\" title=\"Mobiel telefoon whatapp email\" src=\"https:\/\/spiegel-express.nl\/wp-content\/uploads\/2021\/07\/Mobiel-telefoon-whatapp-email.png\" data-width=\"104\" data-height=\"155\" style=\"aspect-ratio: auto 640 \/ 956;\" loading=\"lazy\"><\/span><\/p>\n<p style=\"\">Verreweg de snelste en de makkelijkste manier om met mij hierover te sparren:<\/p>\n<ul>\n<li style=\"\">Bellen naar Bart van Vliet&nbsp;06-51 40 99 00<\/li>\n<li style=\"\">(WhatsAppen kan ook)<\/li>\n<li style=\"\">E-mail sturen: bart@spiegel-express.nl <\/li>\n<\/ul>\n<p style=\"\"><strong>Het plan<\/strong><\/p>\n<p><span><img decoding=\"async\" alt=\"\" data-id=\"8749\" width=\"141\" data-init-width=\"756\" height=\"141\" data-init-height=\"757\" title=\"Kompas Bart van Vliet Spiegel-Express.nl\" src=\"https:\/\/spiegel-express.nl\/wp-content\/uploads\/2022\/09\/Kompas-Bart-van-Vliet-Spiegel-Express.nl_.png\" data-width=\"141\" data-height=\"141\" style=\"aspect-ratio: auto 756 \/ 757;\" loading=\"lazy\"><\/span><\/p>\n<p>Zinvol laten beklijven?<\/p>\n<ul>\n<li>We hebben voor minimaal 5 x een afspraak&nbsp;<\/li>\n<li>Dat is vooral om de gesprekken en inzichten te laten beklijven.<\/li>\n<li>Inplannen van afspraken is vrij in te vullen van elke week tot elke maand.<\/li>\n<\/ul>\n<p style=\"\"><strong>Tijdsduur<\/strong><\/p>\n<p><span><img decoding=\"async\" alt=\"\" data-id=\"8773\" width=\"126\" data-init-width=\"2206\" height=\"128\" data-init-height=\"2244\" title=\"Klok Romeinse cijfers Bart van Vliet Spiegel-Express.nl\" src=\"https:\/\/spiegel-express.nl\/wp-content\/uploads\/2022\/09\/Klok-Romeinse-cijfers-Bart-van-Vliet-Spiegel-Express.nl_-1.png\" data-width=\"126\" data-height=\"128\" style=\"aspect-ratio: auto 2206 \/ 2244;\" loading=\"lazy\"><\/span><\/p>\n<p style=\"\">Wat is de tijdsinvestering?&nbsp;<\/p>\n<ul>\n<li style=\"\">Tijdsduur is afhankelijk hoe onze gesprekken gaan.<\/li>\n<li style=\"\">In de praktijk blijkt het meestal van 3 kwartier tot 1 \u00bd uur te zijn.<\/li>\n<li style=\"\">De gesprekken vinden op de werkplek plaats.<\/li>\n<li style=\"\">Tijdstippen zijn in overleg met elkaar.<\/li>\n<\/ul>\n<p style=\"\"><strong>Aanpak<\/strong><\/p>\n<p><span><img decoding=\"async\" alt=\"\" data-id=\"7246\" width=\"160\" data-init-width=\"640\" height=\"173\" data-init-height=\"693\" title=\"Zakelijk EHBP-koffer\" src=\"https:\/\/spiegel-express.nl\/wp-content\/uploads\/2022\/07\/Zakelijk-EHBP-koffer-e1657273894692.png\" data-width=\"160\" data-height=\"173\" style=\"aspect-ratio: auto 640 \/ 693;\" loading=\"lazy\"><\/span><\/p>\n<p>Wat is de aanpak?<\/p>\n<ul>\n<li>We hebben samen een *overeenkomst ondertekenend.<\/li>\n<li>Ik kom met mijn EHBP-Koffertje bij je langs.<\/li>\n<li>Gaande het gesprek zal daar oefenmateriaal uitkomen.<\/li>\n<li><a href=\"https:\/\/spiegel-express.nl\/wp-content\/uploads\/2025\/01\/Overeenkomst-werknemer-2025-PDF.pdf\" target=\"_blank\" style=\"outline: none;\">*zie hier<\/a> voorbeeld overeenkomst.<\/li>\n<\/ul>\n<p style=\"\">Investering<\/p>\n<p><span><img decoding=\"async\" alt=\"\" data-id=\"7249\" width=\"158\" data-init-width=\"897\" height=\"93\" data-init-height=\"527\" title=\"900 euro cash\" src=\"https:\/\/spiegel-express.nl\/wp-content\/uploads\/2022\/07\/900-euro-cash.png\" data-width=\"158\" data-height=\"93\" style=\"aspect-ratio: auto 897 \/ 527;\" loading=\"lazy\"><\/span><\/p>\n<p style=\"\">Wat gaat dat kosten?<\/p>\n<ul>\n<li style=\"\">Per uur \u20ac 95,- (vrijgesteld van BTW).<\/li>\n<li style=\"\">Kilometer vergoeding van \u20ac 0,23 per KM.<\/li>\n<li style=\"\">Deze prijzen gelden t\/m dec. 2025.<\/li>\n<li style=\"\">Gebaseerd op minimaal 5 afspraken.<\/li>\n<\/ul>\n<p style=\"\">&nbsp;Inclusief<\/p>\n<p><span><img decoding=\"async\" alt=\"\" data-id=\"5019\" width=\"132\" data-init-width=\"519\" height=\"163\" data-init-height=\"640\" title=\"Cadeau\" src=\"https:\/\/spiegel-express.nl\/wp-content\/uploads\/2021\/12\/Cadeau-e1640502633211.png\" data-width=\"132\" data-height=\"163\" style=\"aspect-ratio: auto 519 \/ 640;\" loading=\"lazy\"><\/span><\/p>\n<p style=\"\">Wat zit er allemaal bij?<\/p>\n<ul>\n<li style=\"\">Inclusief reistijdvergoeding.<\/li>\n<li style=\"\">Voorbereidingstijd.<\/li>\n<li style=\"\">Oefen en opdracht materialen.<\/li>\n<li style=\"\">Spiegel-Pret-Cadeautjes.<\/li>\n<li style=\"\">E-mail en\/of telefonische ondersteuning*.<\/li>\n<\/ul>\n<p>* Er kan gebruik gemaakt worden van de mogelijkheid om per e-mail en of telefonische ondersteuning te krijgen, gedurende 4 weken gerekend vanaf de datum van afronding.<\/p>\n<p style=\"text-align: center;\"><strong>Welke risico&#8217;s durf jij te nemen?<\/strong><\/p>\n<p><span><img decoding=\"async\" alt=\"\" data-id=\"8775\" width=\"253\" data-init-width=\"909\" height=\"186\" data-init-height=\"668\" title=\"Zeilboot zinkend Bart van Vliet Spiegel-Express.nl\" src=\"https:\/\/spiegel-express.nl\/wp-content\/uploads\/2022\/09\/Zeilboot-zinkend-Bart-van-Vliet-Spiegel-Express.nl_.png\" data-width=\"253\" data-height=\"186\" style=\"aspect-ratio: auto 909 \/ 668;\" loading=\"lazy\"><\/span><\/p>\n<li><span>Dat de resultaten teleurstellend zijn.<\/span><\/li>\n<li><span>Dat het te zwaar en te intensief is.<\/span><\/li>\n<li><span>Dat de tijd investering te groot is.<\/span><\/li>\n<li><span>Dat ik er niets mee ben opgeschoten.<\/span><\/li>\n<li><span>Dat de kans van slagen niet groot is.<\/span><\/li>\n<p><span><img decoding=\"async\" alt=\"\" data-id=\"8774\" width=\"252\" data-init-width=\"984\" height=\"201\" data-init-height=\"786\" title=\"Zeilboot varend Bart van Vliet Spiegel-Express\" src=\"https:\/\/spiegel-express.nl\/wp-content\/uploads\/2022\/09\/Zeilboot-varend-Bart-van-Vliet-Spiegel-Express.png\" data-width=\"252\" data-height=\"201\" style=\"aspect-ratio: auto 984 \/ 786;\" loading=\"lazy\"><\/span><\/p>\n<li><span>Dat ik tevreden ben met de stappen.<\/span><\/li>\n<li><span>Dat ik de vooruitgang zie.<\/span><\/li>\n<li><span>Dat de tijdsinvestering wat oplevert.<\/span><\/li>\n<li><span>Dat ik er echt bij gebaat ben.<\/span><\/li>\n<li>Dat terugblikken een glimlach geeft.<\/li>\n<p style=\"\">Ik hoop van harte dat we elkaar mogen ontmoeten!<\/p>\n<p style=\"\"><span style=\"\">Hartelijke groet, <\/span><\/p>\n<p style=\"\"><span style=\"\">Bart<\/span><\/p>\n<p><a href=\"https:\/\/www.facebook.com\/BartvanVliet1961\" target=\"_blank\" rel=\"nofollow\" data-dynamic-link=\"thrive_global_fields_url\" data-shortcode-id=\"fb\" data-id=\"icon-facebook\"><span>                     <\/span><\/a><a href=\"https:\/\/www.youtube.com\/channel\/UCzd2bKmNKZ2mEMLJv-hVgmg?view_as=subscriber\" target=\"_blank\" rel=\"nofollow\" data-dynamic-link=\"thrive_global_fields_url\" data-shortcode-id=\"yt\" data-id=\"icon-youtube\"><span>                     <\/span><\/a><a href=\"https:\/\/www.linkedin.com\/feed\/\" target=\"_blank\" rel=\"nofollow\" data-dynamic-link=\"thrive_global_fields_url\" data-shortcode-id=\"in\" data-id=\"icon-linkedin\"><span>                     <\/span><\/a><a href=\"https:\/\/www.instagram.com\/bartvan.vliet\/\" target=\"_blank\" rel=\"nofollow\" data-dynamic-link=\"thrive_global_fields_url\" data-shortcode-id=\"ig\" data-id=\"icon-instagram\"><span>                     <\/span><\/a><\/p>\n<p style=\"text-align: center; color: rgb(255, 51, 51) !important; --tcb-applied-color:rgb(255, 51, 51)  !important;\">Kennismakingsvideo<\/p>\n<p><span><img decoding=\"async\" alt=\"\" data-id=\"10627\" width=\"303\" data-init-width=\"1500\" height=\"390\" data-init-height=\"1927\" title=\"GOM-boek-\" src=\"https:\/\/spiegel-express.nl\/wp-content\/uploads\/2023\/12\/GOM-boek-.webp\" data-width=\"303\" data-height=\"390\" style=\"aspect-ratio: auto 1500 \/ 1927;\" loading=\"lazy\"><\/span><\/p>\n<h2 style=\"text-align: center;\"><\/h2>\n<h2 style=\"text-align: center;\"><\/h2>\n<h2 style=\"text-align: center;\">Schrijf je in voor <span>m\u00e9\u00e9r<\/span> E.H.B.P. tools &amp; tips<strong>&nbsp;<\/strong>\u00e9n ontvang <strong><span style=\"text-decoration: underline; --tcb-applied-color: rgb(2, 182, 249) !important; color: rgb(2, 182, 249) !important;\">GRATIS<\/span><\/strong><strong><span><\/span><\/strong><strong><span><\/span><\/strong><\/h2>\n<h2 style=\"text-align: center;\">Het<\/h2>\n<h2 style=\"text-align: center;\"><span><strong><span style=\"--tcb-applied-color: rgb(255, 51, 51) !important; color: rgb(255, 51, 51) !important;\">G<\/span><\/strong><span>ouden<\/span> <strong><span style=\"--tcb-applied-color: rgb(255, 51, 51) !important; color: rgb(255, 51, 51) !important;\">O<\/span><\/strong><span>pkikker<\/span> <strong><span style=\"--tcb-applied-color: rgb(255, 51, 51) !important; color: rgb(255, 51, 51) !important;\">M<\/span><\/strong><span>omenten<\/span><\/span><strong><span> <\/span><\/strong><span>(<span style=\"--tcb-applied-color: rgb(255, 51, 51) !important; color: rgb(255, 51, 51) !important;\">GOM<\/span>) E-book<\/span><\/h2>\n<p><span><\/span><\/p>\n<p style=\"text-align: center;\"><strong><span style=\"\">Gegarandeerd meer levensvreugde!<\/span><\/strong><\/p>\n","protected":false},"excerpt":{"rendered":"<p>Doelgericht Leiderschap Neem als leidinggevende zelfverzekerd het stuur in handen en houd de juiste koers.Stuur je team met een heldere visie en geef ruimte aan individuele kwaliteiten.Sterk het collectief door het individu te bekrachtigen. Direct naar de &nbsp;kennismakingsvideo. &#8220;Ik kom te weinig aan onze koers bepalen toe&#8221; Persoonlijke ondersteuning zet je weer op de juiste [&hellip;]<\/p>\n","protected":false},"author":3,"featured_media":0,"parent":0,"menu_order":0,"comment_status":"closed","ping_status":"closed","template":"","meta":{"_monsterinsights_skip_tracking":false,"_monsterinsights_sitenote_active":false,"_monsterinsights_sitenote_note":"","_monsterinsights_sitenote_category":0,"jetpack_post_was_ever_published":false,"footnotes":""},"class_list":["post-8712","page","type-page","status-publish","hentry","post-wrapper","thrv_wrapper"],"yoast_head":"<!-- This site is optimized with the Yoast SEO plugin v27.4 - https:\/\/yoast.com\/product\/yoast-seo-wordpress\/ -->\n<title>Doelgericht leiderschap - Spiegel-Express, volg je eigen spoor!<\/title>\n<meta name=\"robots\" content=\"index, follow, max-snippet:-1, max-image-preview:large, max-video-preview:-1\" \/>\n<link rel=\"canonical\" href=\"https:\/\/spiegel-express.nl\/index.php\/doelgericht-leiderschap\/\" \/>\n<meta property=\"og:locale\" content=\"nl_NL\" \/>\n<meta property=\"og:type\" content=\"article\" \/>\n<meta property=\"og:title\" content=\"Doelgericht leiderschap - Spiegel-Express, volg je eigen spoor!\" \/>\n<meta property=\"og:description\" content=\"Doelgericht Leiderschap Neem als leidinggevende zelfverzekerd het stuur in handen en houd de juiste koers.Stuur je team met een heldere visie en geef ruimte aan individuele kwaliteiten.Sterk het collectief door het individu te bekrachtigen. Direct naar de &nbsp;kennismakingsvideo. &#8220;Ik kom te weinig aan onze koers bepalen toe&#8221; Persoonlijke ondersteuning zet je weer op de juiste [&hellip;]\" \/>\n<meta property=\"og:url\" content=\"https:\/\/spiegel-express.nl\/index.php\/doelgericht-leiderschap\/\" \/>\n<meta property=\"og:site_name\" content=\"Spiegel-Express, volg je eigen spoor!\" \/>\n<meta property=\"article:publisher\" content=\"https:\/\/www.facebook.com\/BartvanVliet1961\" \/>\n<meta property=\"article:modified_time\" content=\"2025-03-02T10:59:02+00:00\" \/>\n<meta property=\"og:image\" content=\"https:\/\/spiegel-express.nl\/wp-content\/uploads\/2022\/08\/Zeilschip-Bart-van-Vliet-Spiegel-Express.nl_.png\" \/>\n<meta name=\"twitter:card\" content=\"summary_large_image\" \/>\n<meta name=\"twitter:site\" content=\"@BartVanVliet\" \/>\n<meta name=\"twitter:label1\" content=\"Geschatte leestijd\" \/>\n\t<meta name=\"twitter:data1\" content=\"3 minuten\" \/>\n<script type=\"application\/ld+json\" class=\"yoast-schema-graph\">{\"@context\":\"https:\\\/\\\/schema.org\",\"@graph\":[{\"@type\":\"WebPage\",\"@id\":\"https:\\\/\\\/spiegel-express.nl\\\/index.php\\\/doelgericht-leiderschap\\\/\",\"url\":\"https:\\\/\\\/spiegel-express.nl\\\/index.php\\\/doelgericht-leiderschap\\\/\",\"name\":\"Doelgericht leiderschap - Spiegel-Express, volg je eigen spoor!\",\"isPartOf\":{\"@id\":\"https:\\\/\\\/spiegel-express.nl\\\/#website\"},\"primaryImageOfPage\":{\"@id\":\"https:\\\/\\\/spiegel-express.nl\\\/index.php\\\/doelgericht-leiderschap\\\/#primaryimage\"},\"image\":{\"@id\":\"https:\\\/\\\/spiegel-express.nl\\\/index.php\\\/doelgericht-leiderschap\\\/#primaryimage\"},\"thumbnailUrl\":\"https:\\\/\\\/spiegel-express.nl\\\/wp-content\\\/uploads\\\/2022\\\/08\\\/Zeilschip-Bart-van-Vliet-Spiegel-Express.nl_.png\",\"datePublished\":\"2022-08-27T09:00:45+00:00\",\"dateModified\":\"2025-03-02T10:59:02+00:00\",\"breadcrumb\":{\"@id\":\"https:\\\/\\\/spiegel-express.nl\\\/index.php\\\/doelgericht-leiderschap\\\/#breadcrumb\"},\"inLanguage\":\"nl-NL\",\"potentialAction\":[{\"@type\":\"ReadAction\",\"target\":[\"https:\\\/\\\/spiegel-express.nl\\\/index.php\\\/doelgericht-leiderschap\\\/\"]}]},{\"@type\":\"ImageObject\",\"inLanguage\":\"nl-NL\",\"@id\":\"https:\\\/\\\/spiegel-express.nl\\\/index.php\\\/doelgericht-leiderschap\\\/#primaryimage\",\"url\":\"https:\\\/\\\/spiegel-express.nl\\\/wp-content\\\/uploads\\\/2022\\\/08\\\/Zeilschip-Bart-van-Vliet-Spiegel-Express.nl_.png\",\"contentUrl\":\"https:\\\/\\\/spiegel-express.nl\\\/wp-content\\\/uploads\\\/2022\\\/08\\\/Zeilschip-Bart-van-Vliet-Spiegel-Express.nl_.png\",\"width\":1546,\"height\":1335},{\"@type\":\"BreadcrumbList\",\"@id\":\"https:\\\/\\\/spiegel-express.nl\\\/index.php\\\/doelgericht-leiderschap\\\/#breadcrumb\",\"itemListElement\":[{\"@type\":\"ListItem\",\"position\":1,\"name\":\"Home\",\"item\":\"https:\\\/\\\/spiegel-express.nl\\\/\"},{\"@type\":\"ListItem\",\"position\":2,\"name\":\"Doelgericht leiderschap\"}]},{\"@type\":\"WebSite\",\"@id\":\"https:\\\/\\\/spiegel-express.nl\\\/#website\",\"url\":\"https:\\\/\\\/spiegel-express.nl\\\/\",\"name\":\"Spiegel-Express, volg je eigen spoor!\",\"description\":\"Volg je eigen spoor, Spiegel-Express.nl\",\"potentialAction\":[{\"@type\":\"SearchAction\",\"target\":{\"@type\":\"EntryPoint\",\"urlTemplate\":\"https:\\\/\\\/spiegel-express.nl\\\/?s={search_term_string}\"},\"query-input\":{\"@type\":\"PropertyValueSpecification\",\"valueRequired\":true,\"valueName\":\"search_term_string\"}}],\"inLanguage\":\"nl-NL\"}]}<\/script>\n<!-- \/ Yoast SEO plugin. -->","yoast_head_json":{"title":"Doelgericht leiderschap - Spiegel-Express, volg je eigen spoor!","robots":{"index":"index","follow":"follow","max-snippet":"max-snippet:-1","max-image-preview":"max-image-preview:large","max-video-preview":"max-video-preview:-1"},"canonical":"https:\/\/spiegel-express.nl\/index.php\/doelgericht-leiderschap\/","og_locale":"nl_NL","og_type":"article","og_title":"Doelgericht leiderschap - Spiegel-Express, volg je eigen spoor!","og_description":"Doelgericht Leiderschap Neem als leidinggevende zelfverzekerd het stuur in handen en houd de juiste koers.Stuur je team met een heldere visie en geef ruimte aan individuele kwaliteiten.Sterk het collectief door het individu te bekrachtigen. Direct naar de &nbsp;kennismakingsvideo. &#8220;Ik kom te weinig aan onze koers bepalen toe&#8221; Persoonlijke ondersteuning zet je weer op de juiste [&hellip;]","og_url":"https:\/\/spiegel-express.nl\/index.php\/doelgericht-leiderschap\/","og_site_name":"Spiegel-Express, volg je eigen spoor!","article_publisher":"https:\/\/www.facebook.com\/BartvanVliet1961","article_modified_time":"2025-03-02T10:59:02+00:00","og_image":[{"url":"https:\/\/spiegel-express.nl\/wp-content\/uploads\/2022\/08\/Zeilschip-Bart-van-Vliet-Spiegel-Express.nl_.png","type":"","width":"","height":""}],"twitter_card":"summary_large_image","twitter_site":"@BartVanVliet","twitter_misc":{"Geschatte leestijd":"3 minuten"},"schema":{"@context":"https:\/\/schema.org","@graph":[{"@type":"WebPage","@id":"https:\/\/spiegel-express.nl\/index.php\/doelgericht-leiderschap\/","url":"https:\/\/spiegel-express.nl\/index.php\/doelgericht-leiderschap\/","name":"Doelgericht leiderschap - Spiegel-Express, volg je eigen spoor!","isPartOf":{"@id":"https:\/\/spiegel-express.nl\/#website"},"primaryImageOfPage":{"@id":"https:\/\/spiegel-express.nl\/index.php\/doelgericht-leiderschap\/#primaryimage"},"image":{"@id":"https:\/\/spiegel-express.nl\/index.php\/doelgericht-leiderschap\/#primaryimage"},"thumbnailUrl":"https:\/\/spiegel-express.nl\/wp-content\/uploads\/2022\/08\/Zeilschip-Bart-van-Vliet-Spiegel-Express.nl_.png","datePublished":"2022-08-27T09:00:45+00:00","dateModified":"2025-03-02T10:59:02+00:00","breadcrumb":{"@id":"https:\/\/spiegel-express.nl\/index.php\/doelgericht-leiderschap\/#breadcrumb"},"inLanguage":"nl-NL","potentialAction":[{"@type":"ReadAction","target":["https:\/\/spiegel-express.nl\/index.php\/doelgericht-leiderschap\/"]}]},{"@type":"ImageObject","inLanguage":"nl-NL","@id":"https:\/\/spiegel-express.nl\/index.php\/doelgericht-leiderschap\/#primaryimage","url":"https:\/\/spiegel-express.nl\/wp-content\/uploads\/2022\/08\/Zeilschip-Bart-van-Vliet-Spiegel-Express.nl_.png","contentUrl":"https:\/\/spiegel-express.nl\/wp-content\/uploads\/2022\/08\/Zeilschip-Bart-van-Vliet-Spiegel-Express.nl_.png","width":1546,"height":1335},{"@type":"BreadcrumbList","@id":"https:\/\/spiegel-express.nl\/index.php\/doelgericht-leiderschap\/#breadcrumb","itemListElement":[{"@type":"ListItem","position":1,"name":"Home","item":"https:\/\/spiegel-express.nl\/"},{"@type":"ListItem","position":2,"name":"Doelgericht leiderschap"}]},{"@type":"WebSite","@id":"https:\/\/spiegel-express.nl\/#website","url":"https:\/\/spiegel-express.nl\/","name":"Spiegel-Express, volg je eigen spoor!","description":"Volg je eigen spoor, Spiegel-Express.nl","potentialAction":[{"@type":"SearchAction","target":{"@type":"EntryPoint","urlTemplate":"https:\/\/spiegel-express.nl\/?s={search_term_string}"},"query-input":{"@type":"PropertyValueSpecification","valueRequired":true,"valueName":"search_term_string"}}],"inLanguage":"nl-NL"}]}},"jetpack_sharing_enabled":true,"_links":{"self":[{"href":"https:\/\/spiegel-express.nl\/index.php\/wp-json\/wp\/v2\/pages\/8712","targetHints":{"allow":["GET"]}}],"collection":[{"href":"https:\/\/spiegel-express.nl\/index.php\/wp-json\/wp\/v2\/pages"}],"about":[{"href":"https:\/\/spiegel-express.nl\/index.php\/wp-json\/wp\/v2\/types\/page"}],"author":[{"embeddable":true,"href":"https:\/\/spiegel-express.nl\/index.php\/wp-json\/wp\/v2\/users\/3"}],"replies":[{"embeddable":true,"href":"https:\/\/spiegel-express.nl\/index.php\/wp-json\/wp\/v2\/comments?post=8712"}],"version-history":[{"count":33,"href":"https:\/\/spiegel-express.nl\/index.php\/wp-json\/wp\/v2\/pages\/8712\/revisions"}],"predecessor-version":[{"id":10852,"href":"https:\/\/spiegel-express.nl\/index.php\/wp-json\/wp\/v2\/pages\/8712\/revisions\/10852"}],"wp:attachment":[{"href":"https:\/\/spiegel-express.nl\/index.php\/wp-json\/wp\/v2\/media?parent=8712"}],"curies":[{"name":"wp","href":"https:\/\/api.w.org\/{rel}","templated":true}]}}